{"id":247298,"date":"2022-04-13T15:38:45","date_gmt":"2022-04-13T15:38:45","guid":{"rendered":"https:\/\/joinlokation.com\/?page_id=247298"},"modified":"2025-12-29T16:28:01","modified_gmt":"2025-12-29T16:28:01","slug":"about-us","status":"publish","type":"page","link":"https:\/\/joinlokation.com\/es\/about-us\/","title":{"rendered":"About Us"},"content":{"rendered":"<p>[et_pb_section fb_built=&#8221;1&#8243; admin_label=&#8221;Header Image and Text&#8221; _builder_version=&#8221;4.27.0&#8243; _module_preset=&#8221;default&#8221; background_image=&#8221;https:\/\/joinlokation.com\/wp-content\/uploads\/2015\/06\/ea8610b3-460d-48c6-a8c5-3830aa36e0fd_out-4000&#215;1776-scaled.jpg&#8221; width=&#8221;100%&#8221; height=&#8221;650px&#8221; height_tablet=&#8221;400px&#8221; height_phone=&#8221;300px&#8221; height_last_edited=&#8221;on|phone&#8221; custom_margin=&#8221;0px||0px||false|false&#8221; custom_padding=&#8221;0px||0px||true|false&#8221; collapsed=&#8221;on&#8221; global_colors_info=&#8221;{}&#8221;][et_pb_row _builder_version=&#8221;4.16&#8243; _module_preset=&#8221;default&#8221; width=&#8221;100%&#8221; max_width=&#8221;100%&#8221; custom_margin=&#8221;0px||0px||true|false&#8221; custom_padding=&#8221;0px||0px||true|false&#8221; global_colors_info=&#8221;{}&#8221;][et_pb_column type=&#8221;4_4&#8243; _builder_version=&#8221;4.16&#8243; _module_preset=&#8221;default&#8221; global_colors_info=&#8221;{}&#8221;][et_pb_text content_tablet=&#8221;<\/p>\n<h1 style=\"%22text-align:\" center;%22>Tu negocio. A tu manera.<\/h1>\n<h4 style=\"%22text-align:\" center;%22>Industry-Leading Support &#038; Services<\/h4>\n<p>&#8221; content_phone=&#8221;<\/p>\n<h1 style=\"%22text-align:\" center;%22>Your Business.<\/h1>\n<h1 style=\"%22text-align:\" center;%22>Your Way.<\/h1>\n<p>&#8221; content_last_edited=&#8221;on|tablet&#8221; _builder_version=&#8221;4.27.0&#8243; _module_preset=&#8221;default&#8221; header_font=&#8221;|600|||||||&#8221; header_text_color=&#8221;#FFFFFF&#8221; header_font_size=&#8221;46px&#8221; header_3_text_color=&#8221;#FFFFFF&#8221; header_3_font_size=&#8221;20px&#8221; header_4_text_color=&#8221;#FFFFFF&#8221; background_color=&#8221;rgba(13,62,99,0.88)&#8221; width=&#8221;50%&#8221; width_tablet=&#8221;50%&#8221; width_phone=&#8221;90%&#8221; width_last_edited=&#8221;on|phone&#8221; max_width=&#8221;70%&#8221; max_width_tablet=&#8221;70%&#8221; max_width_phone=&#8221;90%&#8221; max_width_last_edited=&#8221;on|phone&#8221; module_alignment=&#8221;center&#8221; custom_margin=&#8221;300px||||false|false&#8221; custom_margin_tablet=&#8221;200px||||false|false&#8221; custom_margin_phone=&#8221;150px||||false|false&#8221; custom_margin_last_edited=&#8221;on|phone&#8221; custom_padding=&#8221;15px|15px|15px|15px|true|true&#8221; custom_padding_tablet=&#8221;|10px||10px|true|true&#8221; custom_padding_phone=&#8221;5px|10px|5px|10px|true|true&#8221; custom_padding_last_edited=&#8221;on|desktop&#8221; hover_enabled=&#8221;0&#8243; header_font_size_tablet=&#8221;28px&#8221; header_font_size_phone=&#8221;26px&#8221; header_font_size_last_edited=&#8221;on|phone&#8221; header_line_height_phone=&#8221;1em&#8221; header_line_height_last_edited=&#8221;off|phone&#8221; header_4_font_size_tablet=&#8221;16px&#8221; header_4_font_size_phone=&#8221;16px&#8221; header_4_font_size_last_edited=&#8221;on|tablet&#8221; module_alignment_last_edited=&#8221;off|phone&#8221; border_radii=&#8221;on|10px|10px|10px|10px&#8221; global_colors_info=&#8221;{}&#8221; sticky_enabled=&#8221;0&#8243;]<\/p>\n<h1 style=\"text-align: center;\">Acerca de LoKation<\/h1>\n<p>[\/et_pb_text][\/et_pb_column][\/et_pb_row][\/et_pb_section][et_pb_section fb_built=&#8221;1&#8243; _builder_version=&#8221;4.17.4&#8243; _module_preset=&#8221;default&#8221; positioning=&#8221;none&#8221; width=&#8221;100%&#8221; max_width=&#8221;100%&#8221; module_alignment=&#8221;center&#8221; custom_margin=&#8221;0px||0px||true|false&#8221; custom_padding=&#8221;0px||0px||true|false&#8221; collapsed=&#8221;on&#8221; global_colors_info=&#8221;{}&#8221;][et_pb_row make_equal=&#8221;on&#8221; _builder_version=&#8221;4.17.4&#8243; _module_preset=&#8221;default&#8221; custom_margin=&#8221;||||true|false&#8221; custom_padding=&#8221;||||false|false&#8221; global_colors_info=&#8221;{}&#8221;][et_pb_column type=&#8221;4_4&#8243; _builder_version=&#8221;4.16&#8243; _module_preset=&#8221;default&#8221; custom_css_main_element=&#8221;align-self:center;&#8221; global_colors_info=&#8221;{}&#8221;][et_pb_testimonial author=&#8221;Nathan Klutznick&#8221; job_title=&#8221;CEO&#8221; company_name=&#8221;LoKation Real Estate&#8221; quote_icon_color=&#8221;#0C71C3&#8243; quote_icon_background_color=&#8221;#FFFFFF&#8221; _builder_version=&#8221;4.23.1&#8243; _module_preset=&#8221;default&#8221; body_font=&#8221;Sarabun||||||||&#8221; module_alignment=&#8221;left&#8221; custom_padding_phone=&#8221;||||false|false&#8221; custom_padding_last_edited=&#8221;off|phone&#8221; body_text_align_tablet=&#8221;&#8221; body_text_align_phone=&#8221;center&#8221; body_text_align_last_edited=&#8221;on|phone&#8221; body_font_size_tablet=&#8221;18px&#8221; body_font_size_phone=&#8221;16px&#8221; body_font_size_last_edited=&#8221;on|phone&#8221; author_text_align_tablet=&#8221;&#8221; author_text_align_phone=&#8221;center&#8221; author_text_align_last_edited=&#8221;on|phone&#8221; custom_css_testimonial_description=&#8221;padding:0px 20px;||&#8221; global_colors_info=&#8221;{}&#8221; custom_css_main_element_last_edited=&#8221;on|phone&#8221; custom_css_testimonial_meta_last_edited=&#8221;on|tablet&#8221; custom_css_testimonial_meta_phone=&#8221;text-align:center;&#8221;]<\/p>\n<p><span>Hemos disfrutado de un ritmo de crecimiento vertiginoso gracias a nuestra dedicaci\u00f3n a nuestros REALTORS\u00ae, al personal de apoyo y al uso combinado de tecnolog\u00eda de vanguardia con asociaciones exclusivas que brindan a nuestros agentes una clara ventaja, al tiempo que ofrecemos el mejor pago de comisiones del sector.<\/span><\/p>\n<p>[\/et_pb_testimonial][\/et_pb_column][\/et_pb_row][et_pb_row _builder_version=&#8221;4.17.4&#8243; _module_preset=&#8221;default&#8221; custom_padding=&#8221;||||false|false&#8221; global_colors_info=&#8221;{}&#8221;][et_pb_column type=&#8221;4_4&#8243; _builder_version=&#8221;4.16&#8243; _module_preset=&#8221;default&#8221; global_colors_info=&#8221;{}&#8221;][et_pb_text _builder_version=&#8221;4.27.5&#8243; _module_preset=&#8221;default&#8221; text_font=&#8221;Sarabun||||||||&#8221; header_font=&#8221;Sarabun||||||||&#8221; custom_padding_tablet=&#8221;&#8221; custom_padding_phone=&#8221;|10px||10px|false|true&#8221; custom_padding_last_edited=&#8221;on|phone&#8221; hover_enabled=&#8221;0&#8243; text_orientation_tablet=&#8221;&#8221; text_orientation_phone=&#8221;justified&#8221; text_orientation_last_edited=&#8221;on|phone&#8221; global_colors_info=&#8221;{}&#8221; sticky_enabled=&#8221;0&#8243;]Our mission is to empower every agent to earn more money and close more deals so they may reinvest back into their business. Our agents\u2019 needs and best interests are at the heart of everything we do. LoKation Real Estate is committed to providing REALTORS\u00ae with the\u00a0best real estate brokerage to work for, offering unparalleled technology, support, and resources to thrive in a competitive industry.<\/p>\n<p>LoKation Real Estate has been paving the way for realtors to break free from traditional brokerages and build their own brands. Our agent-centric business model is designed to provide new and seasoned realtors a successful edge in the field by providing bleeding-edge tech, tools &amp; resources no other Brokerage can offer. We are paving the way for innovation to keep our Realtors at the forefront of the market\u2026and by earning 100 percent commission on every transaction, they can reinvest in themselves and their business to continue to grow![\/et_pb_text][\/et_pb_column][\/et_pb_row][et_pb_row column_structure=&#8221;1_2,1_2&#8243; use_custom_gutter=&#8221;on&#8221; gutter_width=&#8221;1&#8243; make_equal=&#8221;on&#8221; custom_padding_last_edited=&#8221;on|phone&#8221; disabled_on=&#8221;on|on|off&#8221; _builder_version=&#8221;4.16&#8243; _module_preset=&#8221;default&#8221; custom_margin=&#8221;-5px|auto|-5px|auto|true|false&#8221; custom_padding=&#8221;10px||70px||false|false&#8221; custom_padding_tablet=&#8221;10px||70px||false|false&#8221; custom_padding_phone=&#8221;10px||70px||false|false&#8221; global_colors_info=&#8221;{}&#8221;][et_pb_column type=&#8221;1_2&#8243; _builder_version=&#8221;4.16&#8243; _module_preset=&#8221;default&#8221; custom_padding=&#8221;|30px|||false|false&#8221; custom_padding_tablet=&#8221;|0px|||false|false&#8221; custom_padding_phone=&#8221;|0px|||false|false&#8221; custom_padding_last_edited=&#8221;on|phone&#8221; custom_css_main_element=&#8221;align-self:center;&#8221; global_colors_info=&#8221;{}&#8221;][et_pb_video src=&#8221;https:\/\/youtu.be\/s88-6EEI2pc&#8221; _builder_version=&#8221;4.18.0&#8243; _module_preset=&#8221;default&#8221; custom_padding_tablet=&#8221;0px||30px||false|false&#8221; custom_padding_phone=&#8221;||30px||false|false&#8221; custom_padding_last_edited=&#8221;on|desktop&#8221; border_radii=&#8221;on|10px|10px|10px|10px&#8221; global_colors_info=&#8221;{}&#8221;][\/et_pb_video][\/et_pb_column][et_pb_column type=&#8221;1_2&#8243; _builder_version=&#8221;4.16&#8243; _module_preset=&#8221;default&#8221; custom_css_main_element=&#8221;align-self:center;&#8221; global_colors_info=&#8221;{}&#8221;][et_pb_text _builder_version=&#8221;4.27.5&#8243; _module_preset=&#8221;default&#8221; text_font=&#8221;Sarabun||||||||&#8221; text_orientation_tablet=&#8221;&#8221; text_orientation_phone=&#8221;justified&#8221; text_orientation_last_edited=&#8221;on|phone&#8221; custom_css_main_element=&#8221;display:block;&#8221; global_colors_info=&#8221;{}&#8221;]<\/p>\n<p>LoKation\u00ae Real Estate es una empresa din\u00e1mica y reconocida a nivel nacional que se ha consolidado como una firma l\u00edder en servicios inmobiliarios integrales y tecnolog\u00eda para la gesti\u00f3n de propiedades. Nuestro excelente servicio al cliente, nuestras herramientas y nuestra tecnolog\u00eda brindan tranquilidad a nuestros clientes, nuestra experiencia en el mercado local les da confianza y los resultados los llenan de satisfacci\u00f3n.<\/p>\n<p>La empresa ofrece una amplia gama de servicios y proporcionamos a nuestros agentes inmobiliarios todos los recursos necesarios en un solo lugar. Hemos desarrollado la plataforma en l\u00ednea m\u00e1s eficiente para que los agentes operen, lo que les permite centrarse m\u00e1s en el cliente, ser m\u00e1s eficientes y aumentar su rentabilidad.<\/p>\n<p>En 2023, nuestras ventas superaron los 5 mil millones de d\u00f3lares y nos posicionamos<span>\u00a0<\/span><span>#11<\/span><span>\u00a0<\/span>Somos una de las 500 mejores agencias inmobiliarias independientes de EE. UU. (Real Trends Top 500 Brokerages 2024). Adem\u00e1s, contribuimos a la comunidad a trav\u00e9s de nuestras iniciativas filantr\u00f3picas LoKation\u00ae Cares en varios estados. Nuestro compromiso con la comunidad, los agentes y el sector se refleja en nuestras acciones. Cubrimos todos los aspectos de la compraventa de propiedades: bienes ra\u00edces, hipotecas, t\u00edtulos y seguros. Gracias a nuestro servicio interno de t\u00edtulos y dep\u00f3sitos en garant\u00eda, junto con los seguros para propietarios e inquilinos de The Closing Team y The Mortgage Center, garantizamos a nuestros clientes un servicio de primera clase en todas las etapas de su transacci\u00f3n.<\/p>\n<p>[\/et_pb_text][\/et_pb_column][\/et_pb_row][et_pb_row use_custom_gutter=&#8221;on&#8221; gutter_width=&#8221;1&#8243; make_equal=&#8221;on&#8221; custom_padding_last_edited=&#8221;on|phone&#8221; disabled_on=&#8221;off|off|on&#8221; _builder_version=&#8221;4.16&#8243; _module_preset=&#8221;default&#8221; custom_margin=&#8221;-5px|auto|-5px|auto|true|false&#8221; custom_padding=&#8221;10px||70px||false|false&#8221; custom_padding_tablet=&#8221;10px||70px||false|false&#8221; custom_padding_phone=&#8221;10px||70px||false|false&#8221; global_colors_info=&#8221;{}&#8221;][et_pb_column type=&#8221;4_4&#8243; _builder_version=&#8221;4.16&#8243; _module_preset=&#8221;default&#8221; custom_padding=&#8221;|30px|||false|false&#8221; custom_padding_tablet=&#8221;|0px|||false|false&#8221; custom_padding_phone=&#8221;|0px|||false|false&#8221; custom_padding_last_edited=&#8221;on|phone&#8221; custom_css_main_element=&#8221;align-self:center;&#8221; global_colors_info=&#8221;{}&#8221;][et_pb_video src=&#8221;https:\/\/youtu.be\/s88-6EEI2pc&#8221; _builder_version=&#8221;4.17.4&#8243; _module_preset=&#8221;default&#8221; custom_padding=&#8221;||25px||false|false&#8221; custom_padding_tablet=&#8221;0px||30px||false|false&#8221; custom_padding_phone=&#8221;||30px||false|false&#8221; custom_padding_last_edited=&#8221;off|desktop&#8221; border_radii=&#8221;on|10px|10px|10px|10px&#8221; global_colors_info=&#8221;{}&#8221;][\/et_pb_video][et_pb_text _builder_version=&#8221;4.27.4&#8243; _module_preset=&#8221;default&#8221; text_orientation_tablet=&#8221;&#8221; text_orientation_phone=&#8221;justified&#8221; text_orientation_last_edited=&#8221;on|phone&#8221; custom_css_main_element=&#8221;display:block;&#8221; global_colors_info=&#8221;{}&#8221;]<\/p>\n<p>LoKation\u00ae Real Estate es una empresa din\u00e1mica y reconocida a nivel nacional que se ha consolidado como una firma l\u00edder en servicios inmobiliarios integrales y tecnolog\u00eda para la gesti\u00f3n de propiedades. Nuestro excelente servicio al cliente, nuestras herramientas y nuestra tecnolog\u00eda brindan tranquilidad a nuestros clientes, nuestra experiencia en el mercado local les da confianza y los resultados los llenan de satisfacci\u00f3n.<\/p>\n<p>La empresa ofrece una amplia gama de servicios y proporcionamos a nuestros agentes inmobiliarios todos los recursos necesarios en un solo lugar. Hemos desarrollado la plataforma en l\u00ednea m\u00e1s eficiente para que los agentes operen, lo que les permite centrarse m\u00e1s en el cliente, ser m\u00e1s eficientes y aumentar su rentabilidad.<\/p>\n<p>En 2023, nuestras ventas superaron los 5 mil millones de d\u00f3lares y nos posicionamos<span>\u00a0<\/span><span>#11<\/span><span>\u00a0<\/span>Somos una de las 500 mejores agencias inmobiliarias independientes de EE. UU. (Real Trends Top 500 Brokerages 2024). Adem\u00e1s, contribuimos a la comunidad a trav\u00e9s de nuestras iniciativas filantr\u00f3picas LoKation\u00ae Cares en varios estados. Nuestro compromiso con la comunidad, los agentes y el sector se refleja en nuestras acciones. Cubrimos todos los aspectos de la compraventa de propiedades: bienes ra\u00edces, hipotecas, t\u00edtulos y seguros. Gracias a nuestro servicio interno de t\u00edtulos y dep\u00f3sitos en garant\u00eda, junto con los seguros para propietarios e inquilinos de The Closing Team y The Mortgage Center, garantizamos a nuestros clientes un servicio de primera clase en todas las etapas de su transacci\u00f3n.<\/p>\n<p>[\/et_pb_text][\/et_pb_column][\/et_pb_row][\/et_pb_section][et_pb_section fb_built=&#8221;1&#8243; disabled_on=&#8221;on|on|on&#8221; _builder_version=&#8221;4.16&#8243; _module_preset=&#8221;default&#8221; background_color=&#8221;rgba(0,9,30,0.91)&#8221; background_image=&#8221;https:\/\/joinlokation.com\/wp-content\/uploads\/2021\/01\/LoKation-Real-Estate.png&#8221; background_size=&#8221;custom&#8221; background_image_width=&#8221;400px&#8221; background_position=&#8221;top_left&#8221; background_horizontal_offset=&#8221;0%&#8221; background_vertical_offset=&#8221;0%&#8221; background_repeat=&#8221;repeat&#8221; background_blend=&#8221;overlay&#8221; custom_padding=&#8221;9px||20px||false|false&#8221; disabled=&#8221;on&#8221; collapsed=&#8221;on&#8221; global_colors_info=&#8221;{}&#8221;][et_pb_row _builder_version=&#8221;4.16&#8243; _module_preset=&#8221;default&#8221; global_colors_info=&#8221;{}&#8221;][et_pb_column type=&#8221;4_4&#8243; _builder_version=&#8221;4.16&#8243; _module_preset=&#8221;default&#8221; global_colors_info=&#8221;{}&#8221;][dsm_text_divider header=&#8221;Our Brokerage&#8221; color=&#8221;#FFFFFF&#8221; disabled_on=&#8221;on|on|off&#8221; _builder_version=&#8221;4.17.4&#8243; _module_preset=&#8221;default&#8221; header_level=&#8221;h1&#8243; header_font=&#8221;|600|||||||&#8221; header_font_size=&#8221;50px&#8221; background_layout=&#8221;dark&#8221; header_font_size_tablet=&#8221;40px&#8221; header_font_size_phone=&#8221;30px&#8221; header_font_size_last_edited=&#8221;on|desktop&#8221; global_colors_info=&#8221;{}&#8221; _i=&#8221;0&#8243; _address=&#8221;2.0.0.0&#8243; \/][et_pb_text disabled_on=&#8221;on|on|on&#8221; _builder_version=&#8221;4.17.4&#8243; _module_preset=&#8221;default&#8221; text_text_color=&#8221;#FFFFFF&#8221; header_2_font=&#8221;|600|||||||&#8221; header_2_text_align=&#8221;center&#8221; header_2_text_color=&#8221;#FFFFFF&#8221; header_2_font_size=&#8221;48px&#8221; header_2_font_size_tablet=&#8221;36px&#8221; header_2_font_size_phone=&#8221;28px&#8221; header_2_font_size_last_edited=&#8221;on|phone&#8221; disabled=&#8221;on&#8221; global_colors_info=&#8221;{}&#8221;]<\/p>\n<h2>Our Brokerage<\/h2>\n<p>[\/et_pb_text][\/et_pb_column][\/et_pb_row][et_pb_row _builder_version=&#8221;4.16&#8243; _module_preset=&#8221;default&#8221; width=&#8221;100%&#8221; max_width=&#8221;100%&#8221; custom_padding=&#8221;14px||0px||false|false&#8221; global_colors_info=&#8221;{}&#8221;][et_pb_column type=&#8221;4_4&#8243; _builder_version=&#8221;4.16&#8243; _module_preset=&#8221;default&#8221; global_colors_info=&#8221;{}&#8221;][\/et_pb_column][\/et_pb_row][\/et_pb_section]<\/p>","protected":false},"excerpt":{"rendered":"<p>About LoKationWe have enjoyed a torrid pace of growth due to our dedication to our REALTORS\u00ae, support staff, and combined use of bleeding-edge technology with exclusive partnerships giving our Agents a distinct advantage while providing the best commission payout in the industry.Our mission is to empower every agent to earn more money and close more [&hellip;]<\/p>","protected":false},"author":6,"featured_media":0,"parent":0,"menu_order":0,"comment_status":"closed","ping_status":"closed","template":"","meta":{"_et_pb_use_builder":"on","_et_pb_old_content":"","_et_gb_content_width":"","inline_featured_image":false,"footnotes":""},"class_list":["post-247298","page","type-page","status-publish","hentry"],"yoast_head":"<!-- This site is optimized with the Yoast SEO plugin v27.5 - https:\/\/yoast.com\/product\/yoast-seo-wordpress\/ -->\n<title>About LoKation Real Estate | 100% Commission Brokerage<\/title>\n<meta name=\"description\" content=\"Learn how LoKation Real Estate became a leading 100% commission brokerage. Explore our mission, culture, and commitment to agent success.\" \/>\n<meta name=\"robots\" content=\"index, follow, max-snippet:-1, max-image-preview:large, max-video-preview:-1\" \/>\n<link rel=\"canonical\" href=\"https:\/\/joinlokation.com\/es\/about-us\/\" \/>\n<meta property=\"og:locale\" content=\"es_MX\" \/>\n<meta property=\"og:type\" content=\"article\" \/>\n<meta property=\"og:title\" content=\"About LoKation Real Estate | 100% Commission Brokerage\" \/>\n<meta property=\"og:description\" content=\"Learn how LoKation Real Estate became a leading 100% commission brokerage. Explore our mission, culture, and commitment to agent success.\" \/>\n<meta property=\"og:url\" content=\"https:\/\/joinlokation.com\/es\/about-us\/\" \/>\n<meta property=\"og:site_name\" content=\"Join LoKation Real Estate - 100% Commission Brokerage\" \/>\n<meta property=\"article:publisher\" content=\"https:\/\/www.facebook.com\/lokationre\/\" \/>\n<meta property=\"article:modified_time\" content=\"2025-12-29T16:28:01+00:00\" \/>\n<meta property=\"og:image\" content=\"https:\/\/joinlokation.com\/wp-content\/uploads\/2023\/05\/site-photo-default.jpg\" \/>\n\t<meta property=\"og:image:width\" content=\"1200\" \/>\n\t<meta property=\"og:image:height\" content=\"676\" \/>\n\t<meta property=\"og:image:type\" content=\"image\/jpeg\" \/>\n<meta name=\"twitter:card\" content=\"summary_large_image\" \/>\n<meta name=\"twitter:label1\" content=\"Est. reading time\" \/>\n\t<meta name=\"twitter:data1\" content=\"3 minutos\" \/>\n<script type=\"application\/ld+json\" class=\"yoast-schema-graph\">{\"@context\":\"https:\\\/\\\/schema.org\",\"@graph\":[{\"@type\":\"WebPage\",\"@id\":\"https:\\\/\\\/joinlokation.com\\\/about-us\\\/\",\"url\":\"https:\\\/\\\/joinlokation.com\\\/about-us\\\/\",\"name\":\"About LoKation Real Estate | 100% Commission Brokerage\",\"isPartOf\":{\"@id\":\"https:\\\/\\\/joinlokation.com\\\/#website\"},\"datePublished\":\"2022-04-13T15:38:45+00:00\",\"dateModified\":\"2025-12-29T16:28:01+00:00\",\"description\":\"Learn how LoKation Real Estate became a leading 100% commission brokerage. Explore our mission, culture, and commitment to agent success.\",\"breadcrumb\":{\"@id\":\"https:\\\/\\\/joinlokation.com\\\/about-us\\\/#breadcrumb\"},\"inLanguage\":\"es\",\"potentialAction\":[{\"@type\":\"ReadAction\",\"target\":[\"https:\\\/\\\/joinlokation.com\\\/about-us\\\/\"]}]},{\"@type\":\"BreadcrumbList\",\"@id\":\"https:\\\/\\\/joinlokation.com\\\/about-us\\\/#breadcrumb\",\"itemListElement\":[{\"@type\":\"ListItem\",\"position\":1,\"name\":\"Home\",\"item\":\"https:\\\/\\\/joinlokation.com\\\/\"},{\"@type\":\"ListItem\",\"position\":2,\"name\":\"About Us\"}]},{\"@type\":\"WebSite\",\"@id\":\"https:\\\/\\\/joinlokation.com\\\/#website\",\"url\":\"https:\\\/\\\/joinlokation.com\\\/\",\"name\":\"Join LoKation Real Estate - 100% Commission Brokerage\",\"description\":\"Built by Agents, For Agents - 100% Commissions, Always\",\"publisher\":{\"@id\":\"https:\\\/\\\/joinlokation.com\\\/#organization\"},\"potentialAction\":[{\"@type\":\"SearchAction\",\"target\":{\"@type\":\"EntryPoint\",\"urlTemplate\":\"https:\\\/\\\/joinlokation.com\\\/?s={search_term_string}\"},\"query-input\":{\"@type\":\"PropertyValueSpecification\",\"valueRequired\":true,\"valueName\":\"search_term_string\"}}],\"inLanguage\":\"es\"},{\"@type\":\"Organization\",\"@id\":\"https:\\\/\\\/joinlokation.com\\\/#organization\",\"name\":\"LoKation Real Estate - 100% Commission Brokerage\",\"url\":\"https:\\\/\\\/joinlokation.com\\\/\",\"logo\":{\"@type\":\"ImageObject\",\"inLanguage\":\"es\",\"@id\":\"https:\\\/\\\/joinlokation.com\\\/#\\\/schema\\\/logo\\\/image\\\/\",\"url\":\"https:\\\/\\\/joinlokation.com\\\/wp-content\\\/uploads\\\/2019\\\/03\\\/cropped-lokation-icon-dark.png\",\"contentUrl\":\"https:\\\/\\\/joinlokation.com\\\/wp-content\\\/uploads\\\/2019\\\/03\\\/cropped-lokation-icon-dark.png\",\"width\":512,\"height\":512,\"caption\":\"LoKation Real Estate - 100% Commission Brokerage\"},\"image\":{\"@id\":\"https:\\\/\\\/joinlokation.com\\\/#\\\/schema\\\/logo\\\/image\\\/\"},\"sameAs\":[\"https:\\\/\\\/www.facebook.com\\\/lokationre\\\/\",\"https:\\\/\\\/www.instagram.com\\\/lokationre\"]}]}<\/script>\n<!-- \/ Yoast SEO plugin. -->","yoast_head_json":{"title":"About LoKation Real Estate | 100% Commission Brokerage","description":"Learn how LoKation Real Estate became a leading 100% commission brokerage. Explore our mission, culture, and commitment to agent success.","robots":{"index":"index","follow":"follow","max-snippet":"max-snippet:-1","max-image-preview":"max-image-preview:large","max-video-preview":"max-video-preview:-1"},"canonical":"https:\/\/joinlokation.com\/es\/about-us\/","og_locale":"es_MX","og_type":"article","og_title":"About LoKation Real Estate | 100% Commission Brokerage","og_description":"Learn how LoKation Real Estate became a leading 100% commission brokerage. Explore our mission, culture, and commitment to agent success.","og_url":"https:\/\/joinlokation.com\/es\/about-us\/","og_site_name":"Join LoKation Real Estate - 100% Commission Brokerage","article_publisher":"https:\/\/www.facebook.com\/lokationre\/","article_modified_time":"2025-12-29T16:28:01+00:00","og_image":[{"width":1200,"height":676,"url":"https:\/\/joinlokation.com\/wp-content\/uploads\/2023\/05\/site-photo-default.jpg","type":"image\/jpeg"}],"twitter_card":"summary_large_image","twitter_misc":{"Est. reading time":"3 minutos"},"schema":{"@context":"https:\/\/schema.org","@graph":[{"@type":"WebPage","@id":"https:\/\/joinlokation.com\/about-us\/","url":"https:\/\/joinlokation.com\/about-us\/","name":"About LoKation Real Estate | 100% Commission Brokerage","isPartOf":{"@id":"https:\/\/joinlokation.com\/#website"},"datePublished":"2022-04-13T15:38:45+00:00","dateModified":"2025-12-29T16:28:01+00:00","description":"Learn how LoKation Real Estate became a leading 100% commission brokerage. Explore our mission, culture, and commitment to agent success.","breadcrumb":{"@id":"https:\/\/joinlokation.com\/about-us\/#breadcrumb"},"inLanguage":"es","potentialAction":[{"@type":"ReadAction","target":["https:\/\/joinlokation.com\/about-us\/"]}]},{"@type":"BreadcrumbList","@id":"https:\/\/joinlokation.com\/about-us\/#breadcrumb","itemListElement":[{"@type":"ListItem","position":1,"name":"Home","item":"https:\/\/joinlokation.com\/"},{"@type":"ListItem","position":2,"name":"About Us"}]},{"@type":"WebSite","@id":"https:\/\/joinlokation.com\/#website","url":"https:\/\/joinlokation.com\/","name":"Join LoKation Real Estate - 100% Commission Brokerage","description":"Built by Agents, For Agents - 100% Commissions, Always","publisher":{"@id":"https:\/\/joinlokation.com\/#organization"},"potentialAction":[{"@type":"SearchAction","target":{"@type":"EntryPoint","urlTemplate":"https:\/\/joinlokation.com\/?s={search_term_string}"},"query-input":{"@type":"PropertyValueSpecification","valueRequired":true,"valueName":"search_term_string"}}],"inLanguage":"es"},{"@type":"Organization","@id":"https:\/\/joinlokation.com\/#organization","name":"LoKation Real Estate - 100% Commission Brokerage","url":"https:\/\/joinlokation.com\/","logo":{"@type":"ImageObject","inLanguage":"es","@id":"https:\/\/joinlokation.com\/#\/schema\/logo\/image\/","url":"https:\/\/joinlokation.com\/wp-content\/uploads\/2019\/03\/cropped-lokation-icon-dark.png","contentUrl":"https:\/\/joinlokation.com\/wp-content\/uploads\/2019\/03\/cropped-lokation-icon-dark.png","width":512,"height":512,"caption":"LoKation Real Estate - 100% Commission Brokerage"},"image":{"@id":"https:\/\/joinlokation.com\/#\/schema\/logo\/image\/"},"sameAs":["https:\/\/www.facebook.com\/lokationre\/","https:\/\/www.instagram.com\/lokationre"]}]}},"_links":{"self":[{"href":"https:\/\/joinlokation.com\/es\/wp-json\/wp\/v2\/pages\/247298","targetHints":{"allow":["GET"]}}],"collection":[{"href":"https:\/\/joinlokation.com\/es\/wp-json\/wp\/v2\/pages"}],"about":[{"href":"https:\/\/joinlokation.com\/es\/wp-json\/wp\/v2\/types\/page"}],"author":[{"embeddable":true,"href":"https:\/\/joinlokation.com\/es\/wp-json\/wp\/v2\/users\/6"}],"replies":[{"embeddable":true,"href":"https:\/\/joinlokation.com\/es\/wp-json\/wp\/v2\/comments?post=247298"}],"version-history":[{"count":0,"href":"https:\/\/joinlokation.com\/es\/wp-json\/wp\/v2\/pages\/247298\/revisions"}],"wp:attachment":[{"href":"https:\/\/joinlokation.com\/es\/wp-json\/wp\/v2\/media?parent=247298"}],"curies":[{"name":"wp","href":"https:\/\/api.w.org\/{rel}","templated":true}]}}